{"id":16172,"date":"2026-03-03T12:16:03","date_gmt":"2026-03-03T10:16:03","guid":{"rendered":"https:\/\/tdbeer.ee\/ru\/?post_type=product&#038;p=16172"},"modified":"2026-03-03T12:16:03","modified_gmt":"2026-03-03T10:16:03","slug":"aromaxl-20l-destillatsiooniseade","status":"publish","type":"product","link":"https:\/\/tdbeer.ee\/et\/p\/aromaxl-20l-destillatsiooniseade\/","title":{"rendered":"AromaXL 20L destillatsiooniseade"},"content":{"rendered":"<p><\/p>\n<h2 data-start=\"93\" data-end=\"143\"><span style=\"font-size: 14px;\">AromaXL 20L destillatsiooniseade \u2013 t\u00e4iskomplekt<\/span><\/h2>\n<p data-start=\"145\" data-end=\"243\"><span style=\"font-size: 14px;\">Seade on t\u00e4ielikult universaalne ning sobib nii alustavale tootjale kui ka kogenud veinimeistrile.<\/span><\/p>\n<p data-start=\"245\" data-end=\"373\"><span style=\"font-size: 14px;\">T\u00e4ielikult lahtiv\u00f5etav ja suure tootlikkusega destillaator. V\u00f5imalus komplekteerida ja kasutada seadet erinevates t\u00f6\u00f6re\u017eiimides.<\/span><\/p>\n<p data-start=\"375\" data-end=\"478\"><span style=\"font-size: 14px;\">Klamber\u00fchendus tagab kiire ja mugava kokkupaneku ning lahtiv\u00f5tmise, s\u00e4ilitades t\u00e4ieliku hermeetilisuse.<\/span><\/p>\n<p data-start=\"480\" data-end=\"633\"><span style=\"font-size: 14px;\">Toidukvaliteediga roostevaba teras AISI 304. Materjal vastab h\u00fcgieeni- ja toksikoloogian\u00f5uetele: ei reageeri alkoholiga ega m\u00f5juta l\u00f5pp-produkti omadusi.<\/span><\/p>\n<p data-start=\"635\" data-end=\"705\"><span style=\"font-size: 14px;\">Ferromagnetiline p\u00f5hi sobib induktsioon-, gaasi- ja elektripliitidele.<\/span><\/p>\n<h3 data-start=\"707\" data-end=\"733\"><span style=\"font-size: 14px;\">T\u00e4iskomplekt sisaldab:<\/span><\/h3>\n<ul data-start=\"735\" data-end=\"967\">\n<li data-start=\"735\" data-end=\"762\">\n<p data-start=\"737\" data-end=\"762\"><span style=\"font-size: 14px;\">20L destillatsioonikuup<\/span><\/p>\n<\/li>\n<li data-start=\"763\" data-end=\"838\">\n<p data-start=\"765\" data-end=\"838\"><span style=\"font-size: 14px;\">Tsarga-kolonn (v\u00f5imalik \u00fchendada nii horisontaalselt kui vertikaalselt)<\/span><\/p>\n<\/li>\n<li data-start=\"839\" data-end=\"878\">\n<p data-start=\"841\" data-end=\"878\"><span style=\"font-size: 14px;\">Keraamiline t\u00e4itematerjal kolonnile<\/span><\/p>\n<\/li>\n<li data-start=\"879\" data-end=\"894\">\n<p data-start=\"881\" data-end=\"894\"><span style=\"font-size: 14px;\">Termomeeter<\/span><\/p>\n<\/li>\n<li data-start=\"895\" data-end=\"905\">\n<p data-start=\"897\" data-end=\"905\"><span style=\"font-size: 14px;\">Jahuti<\/span><\/p>\n<\/li>\n<li data-start=\"906\" data-end=\"924\">\n<p data-start=\"908\" data-end=\"924\"><span style=\"font-size: 14px;\">Alkoholomeeter<\/span><\/p>\n<\/li>\n<li data-start=\"925\" data-end=\"935\">\n<p data-start=\"927\" data-end=\"935\"><span style=\"font-size: 14px;\">Voolik<\/span><\/p>\n<\/li>\n<li data-start=\"936\" data-end=\"953\">\n<p data-start=\"938\" data-end=\"953\"><span style=\"font-size: 14px;\">M\u00f5\u00f5tesilinder<\/span><\/p>\n<\/li>\n<li data-start=\"954\" data-end=\"967\">\n<p data-start=\"956\" data-end=\"967\"><span style=\"font-size: 14px;\">H\u00fcdrolukk<\/span><\/p>\n<\/li>\n<\/ul>\n<p><\/p>","protected":false},"excerpt":{"rendered":"<h3><span style=\"font-size: 16px;\">AromaXL 20L destillatsiooniseade \u2013 t\u00e4iskomplekt<\/span><\/h3>\n","protected":false},"featured_media":16173,"template":"","meta":[],"product_cat":[405,526,529],"product_tag":[],"_links":{"self":[{"href":"https:\/\/tdbeer.ee\/et\/wp-json\/wp\/v2\/product\/16172"}],"collection":[{"href":"https:\/\/tdbeer.ee\/et\/wp-json\/wp\/v2\/product"}],"about":[{"href":"https:\/\/tdbeer.ee\/et\/wp-json\/wp\/v2\/types\/product"}],"wp:featuredmedia":[{"embeddable":true,"href":"https:\/\/tdbeer.ee\/et\/wp-json\/wp\/v2\/media\/16173"}],"wp:attachment":[{"href":"https:\/\/tdbeer.ee\/et\/wp-json\/wp\/v2\/media?parent=16172"}],"wp:term":[{"taxonomy":"product_cat","embeddable":true,"href":"https:\/\/tdbeer.ee\/et\/wp-json\/wp\/v2\/product_cat?post=16172"},{"taxonomy":"product_tag","embeddable":true,"href":"https:\/\/tdbeer.ee\/et\/wp-json\/wp\/v2\/product_tag?post=16172"}],"curies":[{"name":"wp","href":"https:\/\/api.w.org\/{rel}","templated":true}]}}