{"id":16183,"date":"2026-03-10T12:59:49","date_gmt":"2026-03-10T10:59:49","guid":{"rendered":"https:\/\/tdbeer.ee\/ru\/?post_type=product&#038;p=16183"},"modified":"2026-03-10T13:01:47","modified_gmt":"2026-03-10T11:01:47","slug":"destilleerimispapagoi","status":"publish","type":"product","link":"https:\/\/tdbeer.ee\/et\/p\/destilleerimispapagoi\/","title":{"rendered":"Destilleerimispapagoi"},"content":{"rendered":"<p>Destilleerimispapagoi on seade, mis asetatakse kuupaisteaparaadi k\u00fclmkapi v\u00e4ljalaskeava juurde destillaadi tugevuse pidevaks m\u00f5\u00f5tmiseks.<\/p>\n<p>K\u00f5rgus &#8211; 29cm<\/p>","protected":false},"excerpt":{"rendered":"<h3><span style=\"font-size: 16px;\">Destilleerimispapagoi<\/span><\/h3>\n","protected":false},"featured_media":16184,"template":"","meta":[],"product_cat":[405,526,529],"product_tag":[],"_links":{"self":[{"href":"https:\/\/tdbeer.ee\/et\/wp-json\/wp\/v2\/product\/16183"}],"collection":[{"href":"https:\/\/tdbeer.ee\/et\/wp-json\/wp\/v2\/product"}],"about":[{"href":"https:\/\/tdbeer.ee\/et\/wp-json\/wp\/v2\/types\/product"}],"wp:featuredmedia":[{"embeddable":true,"href":"https:\/\/tdbeer.ee\/et\/wp-json\/wp\/v2\/media\/16184"}],"wp:attachment":[{"href":"https:\/\/tdbeer.ee\/et\/wp-json\/wp\/v2\/media?parent=16183"}],"wp:term":[{"taxonomy":"product_cat","embeddable":true,"href":"https:\/\/tdbeer.ee\/et\/wp-json\/wp\/v2\/product_cat?post=16183"},{"taxonomy":"product_tag","embeddable":true,"href":"https:\/\/tdbeer.ee\/et\/wp-json\/wp\/v2\/product_tag?post=16183"}],"curies":[{"name":"wp","href":"https:\/\/api.w.org\/{rel}","templated":true}]}}