{"id":16199,"date":"2026-03-18T15:49:14","date_gmt":"2026-03-18T13:49:14","guid":{"rendered":"https:\/\/tdbeer.ee\/ru\/?post_type=product&#038;p=16199"},"modified":"2026-03-20T14:54:24","modified_gmt":"2026-03-20T12:54:24","slug":"universaalne-autoklaav-a8-electro","status":"publish","type":"product","link":"https:\/\/tdbeer.ee\/et\/p\/universaalne-autoklaav-a8-electro\/","title":{"rendered":"Universaalne autoklaav &#8220;A8 Electro&#8221;"},"content":{"rendered":"<p><span style=\"font-size: 14px;\">Materjal ja k\u00fcte:<\/span><br \/>\n<span style=\"font-size: 14px;\">Korpuse materjal \u2014 toidukvaliteediga roostevaba teras (AISI 304)<\/span><br \/>\n<span style=\"font-size: 14px;\">K\u00fctmise viis \u2014 elektriline (universaalne)<\/span><\/p>\n<p><span style=\"font-size: 14px;\">Mahutavus:<\/span><br \/>\n<span style=\"font-size: 14px;\">0,5 l \u2014 8 tk<\/span><br \/>\n<span style=\"font-size: 14px;\">1 l \u2014 7 tk<\/span><br \/>\n<span style=\"font-size: 14px;\">2 l \u2014 0 tk<\/span><br \/>\n<span style=\"font-size: 14px;\">3 l \u2014 0 tk<\/span><\/p>\n<p><span style=\"font-size: 14px;\">Tehnilised andmed:<\/span><br \/>\n<span style=\"font-size: 14px;\">V\u00f5imsus \u2014 2 kW<\/span><br \/>\n<span style=\"font-size: 14px;\">Toitepinge \u2014 220 V<\/span><br \/>\n<span style=\"font-size: 14px;\">K\u00f5rgus \u2014 37 cm<\/span><br \/>\n<span style=\"font-size: 14px;\">K\u00f5rgus kokkupanduna \u2014 48 cm<\/span><br \/>\n<span style=\"font-size: 14px;\">L\u00e4bim\u00f5\u00f5t \u2014 32 cm<\/span><br \/>\n<span style=\"font-size: 14px;\">Kaela l\u00e4bim\u00f5\u00f5t \u2014 17 cm<\/span><br \/>\n<span style=\"font-size: 14px;\">Kaal \u2014 9 kg<\/span><br \/>\n<span style=\"font-size: 14px;\">Maht \u2014 15 l<\/span><\/p>\n<p><span style=\"font-size: 14px;\">Temperatuuri n\u00e4itajad:<\/span><br \/>\n<span style=\"font-size: 14px;\">Termomeeter \u2014 kuni 120 \u00b0C<\/span><br \/>\n<span style=\"font-size: 14px;\">T\u00f6\u00f6temperatuur \u2014 110\u2013120 \u00b0C<\/span><br \/>\n<span style=\"font-size: 14px;\">Maksimaalne temperatuur \u2014 125 \u00b0C<\/span><\/p>\n<p><span style=\"font-size: 14px;\">R\u00f5hk:<\/span><br \/>\n<span style=\"font-size: 14px;\">Manomeeter \u2014 kuni 6 atm<\/span><br \/>\n<span style=\"font-size: 14px;\">T\u00f6\u00f6r\u00f5hk \u2014 3,5 atm<\/span><br \/>\n<span style=\"font-size: 14px;\">Maksimaalne r\u00f5hk \u2014 6 atm<\/span><\/p>\n<p><span style=\"font-size: 14px;\">Konstruktsioon:<\/span><br \/>\n<span style=\"font-size: 14px;\">Seina paksus \u2014 1,5 mm<\/span><br \/>\n<span style=\"font-size: 14px;\">P\u00f5hja paksus \u2014 2 mm<\/span><br \/>\n<span style=\"font-size: 14px;\">Flantsi ja kaane paksus \u2014 6 mm<\/span><\/p>\n<p><span style=\"font-size: 14px;\">Kuumutusaeg:<\/span><br \/>\n<span style=\"font-size: 14px;\">T\u00f6\u00f6temperatuurini j\u00f5udmise aeg \u2014 50 minutit<\/span><\/p>","protected":false},"excerpt":{"rendered":"<h3><span style=\"font-size: 16px;\">Autoklaav &#8220;A8 electro&#8221; (universaalne)<\/span><\/h3>\n","protected":false},"featured_media":16200,"template":"","meta":[],"product_cat":[755],"product_tag":[],"_links":{"self":[{"href":"https:\/\/tdbeer.ee\/et\/wp-json\/wp\/v2\/product\/16199"}],"collection":[{"href":"https:\/\/tdbeer.ee\/et\/wp-json\/wp\/v2\/product"}],"about":[{"href":"https:\/\/tdbeer.ee\/et\/wp-json\/wp\/v2\/types\/product"}],"wp:featuredmedia":[{"embeddable":true,"href":"https:\/\/tdbeer.ee\/et\/wp-json\/wp\/v2\/media\/16200"}],"wp:attachment":[{"href":"https:\/\/tdbeer.ee\/et\/wp-json\/wp\/v2\/media?parent=16199"}],"wp:term":[{"taxonomy":"product_cat","embeddable":true,"href":"https:\/\/tdbeer.ee\/et\/wp-json\/wp\/v2\/product_cat?post=16199"},{"taxonomy":"product_tag","embeddable":true,"href":"https:\/\/tdbeer.ee\/et\/wp-json\/wp\/v2\/product_tag?post=16199"}],"curies":[{"name":"wp","href":"https:\/\/api.w.org\/{rel}","templated":true}]}}