{"id":16218,"date":"2026-03-24T13:14:13","date_gmt":"2026-03-24T11:14:13","guid":{"rendered":"https:\/\/tdbeer.ee\/ru\/?post_type=product&#038;p=16218"},"modified":"2026-03-24T13:14:14","modified_gmt":"2026-03-24T11:14:14","slug":"sukelkuttekeha-35-kw","status":"publish","type":"product","link":"https:\/\/tdbeer.ee\/et\/p\/sukelkuttekeha-35-kw\/","title":{"rendered":"Sukelk\u00fcttekeha 3,5 kW"},"content":{"rendered":"<p><span style=\"font-size: 14px;\">Elektriline sukelk\u00fcttekeha v\u00f5imsusega 3,5 kW vee soojendamiseks paakides, t\u00fcnnides, boilerites v\u00f5i muudes mahutites. Varustatud toitekaabli ja pistikuga. Sobib 2-tollise kinnitusega (5,08cm). Hea valik koduseks ja majapidamises kasutamiseks.\u00a0<\/span><\/p>\n<p><span style=\"font-size: 14px;\">L\u00fchikesed tehnilised andmed<\/span><br \/>\n<span style=\"font-size: 14px;\">T\u00fc\u00fcp: sukelk\u00fcttekeha<\/span><br \/>\n<span style=\"font-size: 14px;\">V\u00f5imsus: 3,5 kW<\/span><br \/>\n<span style=\"font-size: 14px;\">Kinnitus: 2 tolli<\/span><br \/>\n<span style=\"font-size: 14px;\">Kuju: U-kujuline<\/span><br \/>\n<span style=\"font-size: 14px;\">\u00dchendus: kaabel ja pistik<\/span><br \/>\n<span style=\"font-size: 14px;\">Kasutusala: vee soojendamine<\/span><\/p>","protected":false},"excerpt":{"rendered":"<h3><span style=\"font-size: 16px;\">Elektriline sukeldatav k\u00fcttekeha 3,5 kW, 2-tolline kinnitus, pistikuga.<\/span><\/h3>\n","protected":false},"featured_media":16219,"template":"","meta":[],"product_cat":[405,526,529],"product_tag":[],"_links":{"self":[{"href":"https:\/\/tdbeer.ee\/et\/wp-json\/wp\/v2\/product\/16218"}],"collection":[{"href":"https:\/\/tdbeer.ee\/et\/wp-json\/wp\/v2\/product"}],"about":[{"href":"https:\/\/tdbeer.ee\/et\/wp-json\/wp\/v2\/types\/product"}],"wp:featuredmedia":[{"embeddable":true,"href":"https:\/\/tdbeer.ee\/et\/wp-json\/wp\/v2\/media\/16219"}],"wp:attachment":[{"href":"https:\/\/tdbeer.ee\/et\/wp-json\/wp\/v2\/media?parent=16218"}],"wp:term":[{"taxonomy":"product_cat","embeddable":true,"href":"https:\/\/tdbeer.ee\/et\/wp-json\/wp\/v2\/product_cat?post=16218"},{"taxonomy":"product_tag","embeddable":true,"href":"https:\/\/tdbeer.ee\/et\/wp-json\/wp\/v2\/product_tag?post=16218"}],"curies":[{"name":"wp","href":"https:\/\/api.w.org\/{rel}","templated":true}]}}