{"id":16220,"date":"2026-03-24T14:21:52","date_gmt":"2026-03-24T12:21:52","guid":{"rendered":"https:\/\/tdbeer.ee\/ru\/?post_type=product&#038;p=16220"},"modified":"2026-04-11T10:58:21","modified_gmt":"2026-04-11T08:58:21","slug":"kasepuust-aktiivsusi-300g","status":"publish","type":"product","link":"https:\/\/tdbeer.ee\/et\/p\/kasepuust-aktiivsusi-300g\/","title":{"rendered":"Kasepuust aktiivs\u00fcsi 300g"},"content":{"rendered":"<p><strong>Kasepuust aktiivs\u00fcsi. J\u00e4me.<\/strong><\/p>\n<p><strong>Kaal: 1,5 liter<\/strong><\/p>\n<p><strong>Valmistaja: Rootsi<\/strong><\/p>","protected":false},"excerpt":{"rendered":"<h3><span style=\"font-size: 16px;\">Kasepuust aktiivs\u00fcsi 300g. J\u00e4me.<\/span><\/h3>\n","protected":false},"featured_media":16221,"template":"","meta":[],"product_cat":[405,536,535],"product_tag":[],"_links":{"self":[{"href":"https:\/\/tdbeer.ee\/et\/wp-json\/wp\/v2\/product\/16220"}],"collection":[{"href":"https:\/\/tdbeer.ee\/et\/wp-json\/wp\/v2\/product"}],"about":[{"href":"https:\/\/tdbeer.ee\/et\/wp-json\/wp\/v2\/types\/product"}],"wp:featuredmedia":[{"embeddable":true,"href":"https:\/\/tdbeer.ee\/et\/wp-json\/wp\/v2\/media\/16221"}],"wp:attachment":[{"href":"https:\/\/tdbeer.ee\/et\/wp-json\/wp\/v2\/media?parent=16220"}],"wp:term":[{"taxonomy":"product_cat","embeddable":true,"href":"https:\/\/tdbeer.ee\/et\/wp-json\/wp\/v2\/product_cat?post=16220"},{"taxonomy":"product_tag","embeddable":true,"href":"https:\/\/tdbeer.ee\/et\/wp-json\/wp\/v2\/product_tag?post=16220"}],"curies":[{"name":"wp","href":"https:\/\/api.w.org\/{rel}","templated":true}]}}