{"id":16232,"date":"2026-04-01T13:35:01","date_gmt":"2026-04-01T11:35:01","guid":{"rendered":"https:\/\/tdbeer.ee\/ru\/?post_type=product&#038;p=16232"},"modified":"2026-04-01T13:35:01","modified_gmt":"2026-04-01T11:35:01","slug":"hot-rod-48-turbo-parm","status":"publish","type":"product","link":"https:\/\/tdbeer.ee\/et\/p\/hot-rod-48-turbo-parm\/","title":{"rendered":"Hot Rod 48 turbo p\u00e4rm"},"content":{"rendered":"<p><\/p>\n<p data-start=\"132\" data-end=\"247\">Hot Rod 48 on professionaalne turbop\u00e4rm kiireks suhkrupudru valmistamiseks \u2013 maksimaalne kiirus minimaalse vaevaga.<\/p>\n<h2 data-section-id=\"vp6yfc\" data-start=\"249\" data-end=\"260\">Eelised:<\/h2>\n<ul data-start=\"261\" data-end=\"473\">\n<li data-section-id=\"141guyy\" data-start=\"261\" data-end=\"304\">T\u00f6\u00f6tab kiiremini kui enamik teisi p\u00e4rme<\/li>\n<li data-section-id=\"1i3iz9j\" data-start=\"305\" data-end=\"341\">V\u00e4ga hea organoleptiline profiil<\/li>\n<li data-section-id=\"1v82rnx\" data-start=\"342\" data-end=\"394\">Puder selgineb iseenesest juba alates 3. p\u00e4evast<\/li>\n<li data-section-id=\"26nvdu\" data-start=\"395\" data-end=\"442\">V\u00f5ib kasutada kuni 4 pakki 100 liitri kohta<\/li>\n<li data-section-id=\"ut4h1t\" data-start=\"443\" data-end=\"473\">Ei vahuta destilleerimisel<\/li>\n<\/ul>\n<h2 data-section-id=\"1oc292x\" data-start=\"475\" data-end=\"492\">Kasutusjuhend:<\/h2>\n<ol data-start=\"493\" data-end=\"817\">\n<li data-section-id=\"1m5va9n\" data-start=\"493\" data-end=\"557\">Lahustage 5\u20137 kg suhkrut 25 liitris vees temperatuuril 35\u00b0C<\/li>\n<li data-section-id=\"1rb3wn4\" data-start=\"558\" data-end=\"617\">Segage hoolikalt, kuni suhkur on t\u00e4ielikult lahustunud<\/li>\n<li data-section-id=\"483hi1\" data-start=\"618\" data-end=\"661\">Laske temperatuuril langeda 23\u201325\u00b0C-ni<\/li>\n<li data-section-id=\"1nsyj7\" data-start=\"662\" data-end=\"696\">Lisage pakendi sisu ja segage<\/li>\n<li data-section-id=\"prdrz9\" data-start=\"697\" data-end=\"817\">K\u00e4\u00e4rimine temperatuuril 20\u201330\u00b0C (optimaalne 25\u00b0C):\n<ul data-start=\"756\" data-end=\"817\">\n<li data-section-id=\"1cb1qin\" data-start=\"756\" data-end=\"785\">5\u20136 kg suhkrut \u2013 48 tundi<\/li>\n<li data-section-id=\"1of5lwk\" data-start=\"789\" data-end=\"817\">7 kg suhkrut \u2013 3\u20134 p\u00e4eva<\/li>\n<\/ul>\n<\/li>\n<\/ol>\n<h2 data-section-id=\"oubwcw\" data-start=\"819\" data-end=\"834\">Koostisosad:<\/h2>\n<p data-start=\"835\" data-end=\"880\">p\u00e4rm, vitamiinid, mikroelemendid, toitained<\/p>\n<p data-start=\"882\" data-end=\"927\"><strong data-start=\"882\" data-end=\"891\">Kaal:<\/strong> 146 g<br data-start=\"897\" data-end=\"900\" \/><strong data-start=\"900\" data-end=\"917\">P\u00e4ritoluriik:<\/strong> Ukraina<\/p>\n<p><\/p>","protected":false},"excerpt":{"rendered":"<h3><span style=\"font-size: 16px;\">Hot Rod 48 turbo p\u00e4rm 25L jaoks (146 g)<\/span><\/h3>\n","protected":false},"featured_media":16233,"template":"","meta":[],"product_cat":[405,533],"product_tag":[],"_links":{"self":[{"href":"https:\/\/tdbeer.ee\/et\/wp-json\/wp\/v2\/product\/16232"}],"collection":[{"href":"https:\/\/tdbeer.ee\/et\/wp-json\/wp\/v2\/product"}],"about":[{"href":"https:\/\/tdbeer.ee\/et\/wp-json\/wp\/v2\/types\/product"}],"wp:featuredmedia":[{"embeddable":true,"href":"https:\/\/tdbeer.ee\/et\/wp-json\/wp\/v2\/media\/16233"}],"wp:attachment":[{"href":"https:\/\/tdbeer.ee\/et\/wp-json\/wp\/v2\/media?parent=16232"}],"wp:term":[{"taxonomy":"product_cat","embeddable":true,"href":"https:\/\/tdbeer.ee\/et\/wp-json\/wp\/v2\/product_cat?post=16232"},{"taxonomy":"product_tag","embeddable":true,"href":"https:\/\/tdbeer.ee\/et\/wp-json\/wp\/v2\/product_tag?post=16232"}],"curies":[{"name":"wp","href":"https:\/\/api.w.org\/{rel}","templated":true}]}}