{"id":16240,"date":"2026-04-02T12:51:39","date_gmt":"2026-04-02T10:51:39","guid":{"rendered":"https:\/\/tdbeer.ee\/ru\/?post_type=product&#038;p=16240"},"modified":"2026-04-02T12:51:39","modified_gmt":"2026-04-02T10:51:39","slug":"kuivatatud-turn","status":"publish","type":"product","link":"https:\/\/tdbeer.ee\/et\/p\/kuivatatud-turn\/","title":{"rendered":"Kuivatatud t\u00fcrn"},"content":{"rendered":"<p><\/p>\n<p data-start=\"574\" data-end=\"825\"><strong data-start=\"574\" data-end=\"602\">Kuivatatud t\u00fcrn. Metsik ploom (viljad)<\/strong> \u2014 looduslik taimne tooraine rikkaliku hapukasmagusa maitse ja iseloomuliku parkainelisusega. Kasutatakse tinktuuride, koduste jookide, teede ja kompottide valmistamiseks. Annab jookidele s\u00fcgava v\u00e4rvi ja v\u00e4ljendunud maitse.<\/p>\n<p data-start=\"827\" data-end=\"1040\"><strong data-start=\"827\" data-end=\"837\">Toode:<\/strong> kuivatatud t\u00fcrn (viljad)<br data-start=\"862\" data-end=\"865\" \/><strong data-start=\"865\" data-end=\"877\">Kasutus:<\/strong> tinktuuride ja jookide valmistamine<br data-start=\"913\" data-end=\"916\" \/><strong data-start=\"916\" data-end=\"925\">Kaal:<\/strong> 100 g<br data-start=\"930\" data-end=\"933\" \/><strong data-start=\"933\" data-end=\"942\">Kuju:<\/strong> terved kuivatatud marjad<br data-start=\"967\" data-end=\"970\" \/><strong data-start=\"970\" data-end=\"990\">Maitse ja aroom:<\/strong> hapukas, kergelt magus, parkjas<\/p>\n<p><\/p>","protected":false},"excerpt":{"rendered":"<p><strong data-start=\"574\" data-end=\"602\">Kuivatatud t\u00fcrn 100gr<\/strong><\/p>\n","protected":false},"featured_media":16241,"template":"","meta":[],"product_cat":[405,477,444],"product_tag":[],"_links":{"self":[{"href":"https:\/\/tdbeer.ee\/et\/wp-json\/wp\/v2\/product\/16240"}],"collection":[{"href":"https:\/\/tdbeer.ee\/et\/wp-json\/wp\/v2\/product"}],"about":[{"href":"https:\/\/tdbeer.ee\/et\/wp-json\/wp\/v2\/types\/product"}],"wp:featuredmedia":[{"embeddable":true,"href":"https:\/\/tdbeer.ee\/et\/wp-json\/wp\/v2\/media\/16241"}],"wp:attachment":[{"href":"https:\/\/tdbeer.ee\/et\/wp-json\/wp\/v2\/media?parent=16240"}],"wp:term":[{"taxonomy":"product_cat","embeddable":true,"href":"https:\/\/tdbeer.ee\/et\/wp-json\/wp\/v2\/product_cat?post=16240"},{"taxonomy":"product_tag","embeddable":true,"href":"https:\/\/tdbeer.ee\/et\/wp-json\/wp\/v2\/product_tag?post=16240"}],"curies":[{"name":"wp","href":"https:\/\/api.w.org\/{rel}","templated":true}]}}