{"id":16255,"date":"2026-04-07T12:02:52","date_gmt":"2026-04-07T10:02:52","guid":{"rendered":"https:\/\/tdbeer.ee\/ru\/?post_type=product&#038;p=16255"},"modified":"2026-04-07T12:02:53","modified_gmt":"2026-04-07T10:02:53","slug":"kontsentraat-konjak-ploom","status":"publish","type":"product","link":"https:\/\/tdbeer.ee\/et\/p\/kontsentraat-konjak-ploom\/","title":{"rendered":"Kontsentraat \u201cKonjak Ploom\u201d"},"content":{"rendered":"<p><\/p>\n<p data-start=\"75\" data-end=\"459\"><strong data-start=\"75\" data-end=\"93\">\u201cKonjak Ploom\u201d<\/strong> on asendamatu komponent neile, kes soovivad luua v\u00e4\u00e4rikat jooki rikkaliku ja autentse maitse ning aroomiga. See konjakikontsentraat v\u00f5imaldab lihtsalt ja kiiresti v\u00e4\u00e4ristada viina, puskarit, lahjendatud piiritust, destillaati v\u00f5i t\u00f5mmiseid, andes joogile keeruka konjakibuketi s\u00fcgavate, kergelt suitsuste kuivatatud puuviljade nootide ja rikkaliku ploomiaroomiga.Selle konjakilisandiga saate valmis joogi, mida iseloomustab sametine pehmus ning soe, kauakestev j\u00e4relmaitse laagerdunud ja puuviljaste toonidega.<\/p>\n<p data-start=\"75\" data-end=\"459\"><strong>Maht: 10 ml<\/strong><\/p>\n<p data-section-id=\"foupka\" data-start=\"615\" data-end=\"634\"><strong><span role=\"text\">Doseerimine: <\/span>10 ml \/ 10 l<\/strong><\/p>\n<h3 data-section-id=\"puzbc7\" data-start=\"658\" data-end=\"694\"><span role=\"text\"><strong data-start=\"662\" data-end=\"694\">Kasutusjuhend ja doseerimine:<\/strong><\/span><\/h3>\n<ul data-start=\"696\" data-end=\"1150\">\n<li data-section-id=\"ytnimt\" data-start=\"696\" data-end=\"737\">Loksutage essentsi pudelit hoolikalt.<\/li>\n<li data-section-id=\"19ph9ju\" data-start=\"738\" data-end=\"829\">Lisage see ettevalmistatud joogile (viinale, puskarile, piiritusele v\u00f5i destillaadile).<\/li>\n<li data-section-id=\"1re28rg\" data-start=\"830\" data-end=\"1019\">Soovitatav doseering on <strong data-start=\"856\" data-end=\"898\">0,8\u20131,2 ml 1 liitri valmis joogi kohta<\/strong>.<br data-start=\"899\" data-end=\"902\" \/>Alustage minimaalsest kogusest (<strong data-start=\"936\" data-end=\"946\">0,8 ml<\/strong>) ja suurendage seda j\u00e4rk-j\u00e4rgult, et saavutada soovitud maitsetugevus.<\/li>\n<li data-section-id=\"zp3jmx\" data-start=\"1020\" data-end=\"1069\">Loksutage uuesti, et aroom jaotuks \u00fchtlaselt.<\/li>\n<li data-section-id=\"1t1me7\" data-start=\"1070\" data-end=\"1150\">Parima tulemuse saavutamiseks on soovitatav lasta joogil seista <strong data-start=\"1136\" data-end=\"1149\">1\u20133 p\u00e4eva<\/strong>.<\/li>\n<\/ul>\n<p><\/p>","protected":false},"excerpt":{"rendered":"<h3><span style=\"font-size: 16px;\">Kontsentraat <strong data-start=\"75\" data-end=\"93\">\u201cKonjak Ploom\u201d<\/strong> <strong class=\"Yjhzub\" data-sfc-root=\"c\" data-sfc-cb=\"\" data-complete=\"true\" data-processed=\"true\" aria-owns=\"action-menu-parent-container\">t\u00f5mmistele. 10 ml 10 l kohta<\/strong><\/span><\/h3>\n","protected":false},"featured_media":16261,"template":"","meta":[],"product_cat":[405,475,477],"product_tag":[],"_links":{"self":[{"href":"https:\/\/tdbeer.ee\/et\/wp-json\/wp\/v2\/product\/16255"}],"collection":[{"href":"https:\/\/tdbeer.ee\/et\/wp-json\/wp\/v2\/product"}],"about":[{"href":"https:\/\/tdbeer.ee\/et\/wp-json\/wp\/v2\/types\/product"}],"wp:featuredmedia":[{"embeddable":true,"href":"https:\/\/tdbeer.ee\/et\/wp-json\/wp\/v2\/media\/16261"}],"wp:attachment":[{"href":"https:\/\/tdbeer.ee\/et\/wp-json\/wp\/v2\/media?parent=16255"}],"wp:term":[{"taxonomy":"product_cat","embeddable":true,"href":"https:\/\/tdbeer.ee\/et\/wp-json\/wp\/v2\/product_cat?post=16255"},{"taxonomy":"product_tag","embeddable":true,"href":"https:\/\/tdbeer.ee\/et\/wp-json\/wp\/v2\/product_tag?post=16255"}],"curies":[{"name":"wp","href":"https:\/\/api.w.org\/{rel}","templated":true}]}}