{"id":16257,"date":"2026-04-07T11:57:28","date_gmt":"2026-04-07T09:57:28","guid":{"rendered":"https:\/\/tdbeer.ee\/ru\/?post_type=product&#038;p=16257"},"modified":"2026-04-07T13:07:50","modified_gmt":"2026-04-07T11:07:50","slug":"kontsentraat-brandi-calvados","status":"publish","type":"product","link":"https:\/\/tdbeer.ee\/et\/p\/kontsentraat-brandi-calvados\/","title":{"rendered":"Kontsentraat &#8220;Br\u00e4ndi \u00d5un\u201d"},"content":{"rendered":"<p><\/p>\n<p data-start=\"76\" data-end=\"486\"><strong data-start=\"76\" data-end=\"110\">\u201cBr\u00e4ndi \u00d5un\u201d kontsentraat<\/strong> on asendamatu koostisosa neile, kes soovivad valmistada aromaatset \u00f5una t\u00fc\u00fcpi br\u00e4ndit puhta ja originaalse maitse ning l\u00f5hnaga. See kontsentraat v\u00f5imaldab lihtsalt ja kiiresti v\u00e4\u00e4ristada viina, puskarit, lahjendatud piiritust, destillaati v\u00f5i t\u00f5mmiseid, andes joogile keeruka br\u00e4ndibuketi s\u00fcgavate, pehmete ja selgelt v\u00e4ljendunud \u00f5una, laagerduse ning tamme nootidega. Selle lisandiga saate valmis \u00f5una t\u00fc\u00fcpi br\u00e4ndi, mida iseloomustab sametine pehmus ning mis sobib h\u00e4sti nii puhtalt joomiseks kui ka kokteilide valmistamiseks.<\/p>\n<h3 data-section-id=\"172s0d2\" data-start=\"658\" data-end=\"670\"><span style=\"font-size: 16px;\"><span role=\"text\"><strong data-start=\"662\" data-end=\"670\">Maht:<\/strong><\/span><strong data-start=\"671\" data-end=\"680\">10 ml<\/strong><\/span><\/h3>\n<h3 data-section-id=\"foupka\" data-start=\"682\" data-end=\"701\"><span style=\"font-size: 16px;\"><span role=\"text\"><strong data-start=\"686\" data-end=\"701\">Doseerimine: <\/strong><\/span><strong data-start=\"702\" data-end=\"718\">10 ml \/ 10 l<\/strong><\/span><\/h3>\n<h3 data-section-id=\"puzbc7\" data-start=\"725\" data-end=\"761\"><span style=\"font-size: 16px;\" role=\"text\"><strong data-start=\"729\" data-end=\"761\">Kasutusjuhend ja doseerimine:<\/strong><\/span><\/h3>\n<ul data-start=\"763\" data-end=\"1213\">\n<li data-section-id=\"ytnimt\" data-start=\"763\" data-end=\"804\">Loksutage essentsi pudelit hoolikalt.<\/li>\n<li data-section-id=\"19ph9ju\" data-start=\"805\" data-end=\"896\">Lisage see ettevalmistatud joogile (viinale, puskarile, piiritusele v\u00f5i destillaadile).<\/li>\n<li data-section-id=\"fxyhkm\" data-start=\"897\" data-end=\"1082\">Soovitatav doseering on <strong data-start=\"923\" data-end=\"965\">0,8\u20131,2 ml 1 liitri valmis joogi kohta<\/strong>. Alustage minimaalsest kogusest (<strong data-start=\"999\" data-end=\"1009\">0,8 ml<\/strong>) ja suurendage seda j\u00e4rk-j\u00e4rgult, et saavutada soovitud maitsetugevus.<\/li>\n<li data-section-id=\"zp3jmx\" data-start=\"1083\" data-end=\"1132\">Loksutage uuesti, et aroom jaotuks \u00fchtlaselt.<\/li>\n<li data-section-id=\"1t1me7\" data-start=\"1133\" data-end=\"1213\">Parima tulemuse saavutamiseks on soovitatav lasta joogil seista <strong data-start=\"1199\" data-end=\"1212\">1\u20133 p\u00e4eva<\/strong>.<\/li>\n<\/ul>\n<p><\/p>","protected":false},"excerpt":{"rendered":"<h3><span style=\"font-size: 16px;\">Kontsentraat &#8220;Br\u00e4ndi \u00f5un&#8221; <strong class=\"Yjhzub\" data-sfc-root=\"c\" data-sfc-cb=\"\" data-complete=\"true\" data-processed=\"true\" aria-owns=\"action-menu-parent-container\">t\u00f5mmistele. 10 ml 10 l kohta<\/strong><\/span><\/h3>\n","protected":false},"featured_media":16260,"template":"","meta":[],"product_cat":[405,475,477],"product_tag":[],"_links":{"self":[{"href":"https:\/\/tdbeer.ee\/et\/wp-json\/wp\/v2\/product\/16257"}],"collection":[{"href":"https:\/\/tdbeer.ee\/et\/wp-json\/wp\/v2\/product"}],"about":[{"href":"https:\/\/tdbeer.ee\/et\/wp-json\/wp\/v2\/types\/product"}],"wp:featuredmedia":[{"embeddable":true,"href":"https:\/\/tdbeer.ee\/et\/wp-json\/wp\/v2\/media\/16260"}],"wp:attachment":[{"href":"https:\/\/tdbeer.ee\/et\/wp-json\/wp\/v2\/media?parent=16257"}],"wp:term":[{"taxonomy":"product_cat","embeddable":true,"href":"https:\/\/tdbeer.ee\/et\/wp-json\/wp\/v2\/product_cat?post=16257"},{"taxonomy":"product_tag","embeddable":true,"href":"https:\/\/tdbeer.ee\/et\/wp-json\/wp\/v2\/product_tag?post=16257"}],"curies":[{"name":"wp","href":"https:\/\/api.w.org\/{rel}","templated":true}]}}