{"id":16258,"date":"2026-04-07T12:05:07","date_gmt":"2026-04-07T10:05:07","guid":{"rendered":"https:\/\/tdbeer.ee\/ru\/?post_type=product&#038;p=16258"},"modified":"2026-04-07T13:07:06","modified_gmt":"2026-04-07T11:07:06","slug":"kontsentraat-konjak-kirss","status":"publish","type":"product","link":"https:\/\/tdbeer.ee\/et\/p\/kontsentraat-konjak-kirss\/","title":{"rendered":"Kontsentraat \u201cKonjak Kirss\u201d"},"content":{"rendered":"<p><\/p>\n<p data-start=\"71\" data-end=\"460\"><strong data-start=\"71\" data-end=\"102\">\u201cKonjak Kirss\u201d kontsentraat<\/strong> on asendamatu koostisosa neile, kes soovivad valmistada v\u00e4\u00e4rikat jooki rikkaliku ja autentse maitse ning aroomiga. See konjakikontsentraat v\u00f5imaldab lihtsalt ja kiiresti v\u00e4\u00e4ristada viina, puskarit, lahjendatud piiritust, destillaati v\u00f5i t\u00f5mmiseid, andes joogile keeruka konjakibuketi koos kerge, v\u00e4rskendava k\u00fcpse kirsi puuvilja- ja marjase maitsenoodiga. Selle konjakilisandiga saate valmis joogi, mida iseloomustab eriline pehmus, hea joodavus ning peen kirsi-konjakine j\u00e4relmaitse.<\/p>\n<h3 data-section-id=\"umys0m\" data-start=\"592\" data-end=\"606\"><span style=\"font-size: 16px;\"><span role=\"text\">Maht: <\/span>10 ml<\/span><\/h3>\n<h3 data-section-id=\"13dy3je\" data-start=\"618\" data-end=\"639\"><span style=\"font-size: 16px;\"><span role=\"text\">Doseerimine: <\/span>10 ml \/ 10 l<\/span><\/h3>\n<h3 data-section-id=\"puzbc7\" data-start=\"658\" data-end=\"694\"><span role=\"text\"><strong data-start=\"662\" data-end=\"694\">Kasutusjuhend ja doseerimine:<\/strong><\/span><\/h3>\n<ul data-start=\"696\" data-end=\"1146\">\n<li data-section-id=\"ytnimt\" data-start=\"696\" data-end=\"737\">Loksutage essentsi pudelit hoolikalt.<\/li>\n<li data-section-id=\"19ph9ju\" data-start=\"738\" data-end=\"829\">Lisage see ettevalmistatud joogile (viinale, puskarile, piiritusele v\u00f5i destillaadile).<\/li>\n<li data-section-id=\"fxyhkm\" data-start=\"830\" data-end=\"1015\">Soovitatav doseering on <strong data-start=\"856\" data-end=\"898\">0,8\u20131,2 ml 1 liitri valmis joogi kohta<\/strong>. Alustage minimaalsest kogusest (<strong data-start=\"932\" data-end=\"942\">0,8 ml<\/strong>) ja suurendage seda j\u00e4rk-j\u00e4rgult, et saavutada soovitud maitsetugevus.<\/li>\n<li data-section-id=\"zp3jmx\" data-start=\"1016\" data-end=\"1065\">Loksutage uuesti, et aroom jaotuks \u00fchtlaselt.<\/li>\n<li data-section-id=\"1t1me7\" data-start=\"1066\" data-end=\"1146\">Parima tulemuse saavutamiseks on soovitatav lasta joogil seista <strong data-start=\"1132\" data-end=\"1145\">1\u20133 p\u00e4eva<\/strong>.<\/li>\n<\/ul>\n<p><\/p>","protected":false},"excerpt":{"rendered":"<h3><span style=\"font-size: 16px;\">Kontsentraat \u201cKonjak Kirss\u201d <strong class=\"Yjhzub\" data-sfc-root=\"c\" data-sfc-cb=\"\" data-complete=\"true\" data-processed=\"true\" aria-owns=\"action-menu-parent-container\">t\u00f5mmistele. 10 ml 10 l kohta<\/strong><\/span><\/h3>\n","protected":false},"featured_media":16263,"template":"","meta":[],"product_cat":[405,475,477],"product_tag":[],"_links":{"self":[{"href":"https:\/\/tdbeer.ee\/et\/wp-json\/wp\/v2\/product\/16258"}],"collection":[{"href":"https:\/\/tdbeer.ee\/et\/wp-json\/wp\/v2\/product"}],"about":[{"href":"https:\/\/tdbeer.ee\/et\/wp-json\/wp\/v2\/types\/product"}],"wp:featuredmedia":[{"embeddable":true,"href":"https:\/\/tdbeer.ee\/et\/wp-json\/wp\/v2\/media\/16263"}],"wp:attachment":[{"href":"https:\/\/tdbeer.ee\/et\/wp-json\/wp\/v2\/media?parent=16258"}],"wp:term":[{"taxonomy":"product_cat","embeddable":true,"href":"https:\/\/tdbeer.ee\/et\/wp-json\/wp\/v2\/product_cat?post=16258"},{"taxonomy":"product_tag","embeddable":true,"href":"https:\/\/tdbeer.ee\/et\/wp-json\/wp\/v2\/product_tag?post=16258"}],"curies":[{"name":"wp","href":"https:\/\/api.w.org\/{rel}","templated":true}]}}