{"id":16259,"date":"2026-04-07T13:26:19","date_gmt":"2026-04-07T11:26:19","guid":{"rendered":"https:\/\/tdbeer.ee\/ru\/?post_type=product&#038;p=16259"},"modified":"2026-04-07T13:26:19","modified_gmt":"2026-04-07T11:26:19","slug":"kontsentraat-chacha-isabella","status":"publish","type":"product","link":"https:\/\/tdbeer.ee\/et\/p\/kontsentraat-chacha-isabella\/","title":{"rendered":"Kontsentraat \u201cChacha Isabella\u201d"},"content":{"rendered":"<p><\/p>\n<p data-start=\"74\" data-end=\"571\"><strong data-start=\"74\" data-end=\"108\">\u201cChacha Isabella\u201d kontsentraat<\/strong> on asendamatu koostisosa neile, kes soovivad valmistada klassikalist kanget jooki pehme ja originaalse maitse ning aroomiga. See kontsentraat v\u00f5imaldab lihtsalt ja kiiresti v\u00e4\u00e4ristada viina, puskarit, lahjendatud piiritust, destillaati v\u00f5i t\u00f5mmiseid, andes joogile peene ja mitmekihilise viinamarjabuketi, milles on selged ja rikkalikud Isabella viinamarja noodid, muskaatsed ja maasikased varjundid, kerge puuviljane magusus ning pehme, soojendav j\u00e4relmaitse. Selle lisandiga saate valmis <strong data-start=\"602\" data-end=\"621\">Chacha Isabella<\/strong>, mida iseloomustab erakordne pehmus, t\u00e4idlane maitse ning mis sobib ideaalselt puhtalt tarbimiseks.<\/p>\n<h3 data-section-id=\"umys0m\" data-start=\"723\" data-end=\"737\"><span style=\"font-size: 16px;\"><span role=\"text\"><strong data-start=\"727\" data-end=\"735\">Maht: <\/strong><\/span><strong data-start=\"738\" data-end=\"747\">10 ml<\/strong><\/span><\/h3>\n<h3 data-section-id=\"13dy3je\" data-start=\"749\" data-end=\"770\"><span style=\"font-size: 16px;\"><span role=\"text\"><strong data-start=\"753\" data-end=\"768\">Doseerimine: <\/strong><\/span><strong data-start=\"771\" data-end=\"787\">10 ml \/ 10 l<\/strong><\/span><\/h3>\n<h3 data-section-id=\"puzbc7\" data-start=\"789\" data-end=\"825\"><span role=\"text\"><strong data-start=\"793\" data-end=\"825\">Kasutusjuhend ja doseerimine<\/strong><\/span><\/h3>\n<ul data-start=\"827\" data-end=\"1277\">\n<li data-section-id=\"ytnimt\" data-start=\"827\" data-end=\"868\">Loksutage essentsi pudelit hoolikalt.<\/li>\n<li data-section-id=\"19ph9ju\" data-start=\"869\" data-end=\"960\">Lisage see ettevalmistatud joogile (viinale, puskarile, piiritusele v\u00f5i destillaadile).<\/li>\n<li data-section-id=\"fxyhkm\" data-start=\"961\" data-end=\"1146\">Soovitatav doseering on <strong data-start=\"987\" data-end=\"1029\">0,8\u20131,2 ml 1 liitri valmis joogi kohta<\/strong>. Alustage minimaalsest kogusest (<strong data-start=\"1063\" data-end=\"1073\">0,8 ml<\/strong>) ja suurendage seda j\u00e4rk-j\u00e4rgult, et saavutada soovitud maitsetugevus.<\/li>\n<li data-section-id=\"zp3jmx\" data-start=\"1147\" data-end=\"1196\">Loksutage uuesti, et aroom jaotuks \u00fchtlaselt.<\/li>\n<li data-section-id=\"1t1me7\" data-start=\"1197\" data-end=\"1277\">Parima tulemuse saavutamiseks on soovitatav lasta joogil seista <strong data-start=\"1263\" data-end=\"1276\">1\u20133 p\u00e4eva<\/strong>.<\/li>\n<\/ul>\n<p><\/p>","protected":false},"excerpt":{"rendered":"<h3><span style=\"font-size: 16px;\">Kontsentraat \u201cChacha Isabella\u201d <strong class=\"Yjhzub\" data-sfc-root=\"c\" data-sfc-cb=\"\" data-complete=\"true\" data-processed=\"true\" aria-owns=\"action-menu-parent-container\">t\u00f5mmistele. 10 ml 10 l kohta<\/strong><\/span><\/h3>\n","protected":false},"featured_media":16267,"template":"","meta":[],"product_cat":[405,475,477],"product_tag":[],"_links":{"self":[{"href":"https:\/\/tdbeer.ee\/et\/wp-json\/wp\/v2\/product\/16259"}],"collection":[{"href":"https:\/\/tdbeer.ee\/et\/wp-json\/wp\/v2\/product"}],"about":[{"href":"https:\/\/tdbeer.ee\/et\/wp-json\/wp\/v2\/types\/product"}],"wp:featuredmedia":[{"embeddable":true,"href":"https:\/\/tdbeer.ee\/et\/wp-json\/wp\/v2\/media\/16267"}],"wp:attachment":[{"href":"https:\/\/tdbeer.ee\/et\/wp-json\/wp\/v2\/media?parent=16259"}],"wp:term":[{"taxonomy":"product_cat","embeddable":true,"href":"https:\/\/tdbeer.ee\/et\/wp-json\/wp\/v2\/product_cat?post=16259"},{"taxonomy":"product_tag","embeddable":true,"href":"https:\/\/tdbeer.ee\/et\/wp-json\/wp\/v2\/product_tag?post=16259"}],"curies":[{"name":"wp","href":"https:\/\/api.w.org\/{rel}","templated":true}]}}