{"id":16265,"date":"2026-04-07T13:26:24","date_gmt":"2026-04-07T11:26:24","guid":{"rendered":"https:\/\/tdbeer.ee\/ru\/?post_type=product&#038;p=16265"},"modified":"2026-04-07T13:30:01","modified_gmt":"2026-04-07T11:30:01","slug":"kontsentraat-whisky-bourbon","status":"publish","type":"product","link":"https:\/\/tdbeer.ee\/et\/p\/kontsentraat-whisky-bourbon\/","title":{"rendered":"Kontsentraat \u201cWhisky Bourbon\u201d"},"content":{"rendered":"<p><\/p>\n<p data-start=\"73\" data-end=\"484\"><strong data-start=\"73\" data-end=\"106\">\u201cWhisky Bourbon\u201d kontsentraat<\/strong> on asendamatu koostisosa neile, kes soovivad valmistada aromaatset viskit rikkaliku ja originaalse maitse ning aroomiga. See viskikontsentraat v\u00f5imaldab lihtsalt ja kiiresti v\u00e4\u00e4ristada viina, puskarit, lahjendatud piiritust, destillaati v\u00f5i t\u00f5mmiseid, andes joogile keeruka viskibuketi, milles on v\u00e4ljendunud, magusad ja s\u00fcgavad karamelli, vanilli ning r\u00f6stitud tamme noodid. Selle lisandiga saate valmis viski, mida iseloomustab pehmus, t\u00e4idlus ja burboonile omane magus j\u00e4relmaitse.<\/p>\n<h3 data-start=\"486\" data-end=\"594\"><span style=\"font-size: 16px;\">Maht: 10 ml<\/span><\/h3>\n<h3 data-section-id=\"13dy3je\" data-start=\"618\" data-end=\"639\"><span style=\"font-size: 16px;\"><span role=\"text\">Doseerimine: <\/span>10 ml \/ 10 l<\/span><\/h3>\n<h3 data-section-id=\"puzbc7\" data-start=\"596\" data-end=\"632\"><span role=\"text\"><strong data-start=\"600\" data-end=\"632\">Kasutusjuhend ja doseerimine<\/strong><\/span><\/h3>\n<ul data-start=\"634\" data-end=\"1084\">\n<li data-section-id=\"ytnimt\" data-start=\"634\" data-end=\"675\">Loksutage essentsi pudelit hoolikalt.<\/li>\n<li data-section-id=\"19ph9ju\" data-start=\"676\" data-end=\"767\">Lisage see ettevalmistatud joogile (viinale, puskarile, piiritusele v\u00f5i destillaadile).<\/li>\n<li data-section-id=\"fxyhkm\" data-start=\"768\" data-end=\"953\">Soovitatav doseering on <strong data-start=\"794\" data-end=\"836\">0,8\u20131,2 ml 1 liitri valmis joogi kohta<\/strong>. Alustage minimaalsest kogusest (<strong data-start=\"870\" data-end=\"880\">0,8 ml<\/strong>) ja suurendage seda j\u00e4rk-j\u00e4rgult, et saavutada soovitud maitsetugevus.<\/li>\n<li data-section-id=\"zp3jmx\" data-start=\"954\" data-end=\"1003\">Loksutage uuesti, et aroom jaotuks \u00fchtlaselt.<\/li>\n<li data-section-id=\"1t1me7\" data-start=\"1004\" data-end=\"1084\">Parima tulemuse saavutamiseks on soovitatav lasta joogil seista <strong data-start=\"1070\" data-end=\"1083\">1\u20133 p\u00e4eva<\/strong>.<\/li>\n<\/ul>\n<p><\/p>","protected":false},"excerpt":{"rendered":"<h3><span style=\"font-size: 16px;\">Kontsentraat \u201cWhisky Bourbon\u201d <strong class=\"Yjhzub\" data-sfc-root=\"c\" data-sfc-cb=\"\" data-complete=\"true\" data-processed=\"true\" aria-owns=\"action-menu-parent-container\">t\u00f5mmistele. 10 ml 10 l kohta<\/strong><\/span><\/h3>\n","protected":false},"featured_media":16268,"template":"","meta":[],"product_cat":[405,475,477],"product_tag":[],"_links":{"self":[{"href":"https:\/\/tdbeer.ee\/et\/wp-json\/wp\/v2\/product\/16265"}],"collection":[{"href":"https:\/\/tdbeer.ee\/et\/wp-json\/wp\/v2\/product"}],"about":[{"href":"https:\/\/tdbeer.ee\/et\/wp-json\/wp\/v2\/types\/product"}],"wp:featuredmedia":[{"embeddable":true,"href":"https:\/\/tdbeer.ee\/et\/wp-json\/wp\/v2\/media\/16268"}],"wp:attachment":[{"href":"https:\/\/tdbeer.ee\/et\/wp-json\/wp\/v2\/media?parent=16265"}],"wp:term":[{"taxonomy":"product_cat","embeddable":true,"href":"https:\/\/tdbeer.ee\/et\/wp-json\/wp\/v2\/product_cat?post=16265"},{"taxonomy":"product_tag","embeddable":true,"href":"https:\/\/tdbeer.ee\/et\/wp-json\/wp\/v2\/product_tag?post=16265"}],"curies":[{"name":"wp","href":"https:\/\/api.w.org\/{rel}","templated":true}]}}