{"id":16266,"date":"2026-04-07T13:26:27","date_gmt":"2026-04-07T11:26:27","guid":{"rendered":"https:\/\/tdbeer.ee\/ru\/?post_type=product&#038;p=16266"},"modified":"2026-04-07T13:26:28","modified_gmt":"2026-04-07T11:26:28","slug":"kontsentraat-kuuba-rummi","status":"publish","type":"product","link":"https:\/\/tdbeer.ee\/et\/p\/kontsentraat-kuuba-rummi\/","title":{"rendered":"Kontsentraat \u201cKuuba rummi\u201d"},"content":{"rendered":"<p><\/p>\n<p data-start=\"70\" data-end=\"466\"><strong data-start=\"70\" data-end=\"100\">\u201cKuuba rummi\u201d kontsentraat<\/strong> on asendamatu koostisosa neile, kes soovivad valmistada aromaatset rummi rikkaliku ja originaalse maitse ning aroomiga. See kontsentraat v\u00f5imaldab lihtsalt ja kiiresti v\u00e4\u00e4ristada viina, puskarit, lahjendatud piiritust, destillaati v\u00f5i t\u00f5mmiseid, andes joogile keeruka rummibuketi kergete, puhaste ja v\u00e4ljendusrikaste vanilli, suhkruroo ja tsitruseliste nootidega. Selle lisandiga saate valmis rummi, mida iseloomustab pehmus, meeldiv kuivus ning mis sobib suurep\u00e4raselt nii puhtalt joomiseks kui ka klassikaliste troopiliste kokteilide aluseks.<\/p>\n<h3 data-section-id=\"umys0m\" data-start=\"650\" data-end=\"664\"><span style=\"font-size: 16px;\"><span role=\"text\"><strong data-start=\"654\" data-end=\"662\">Maht: <\/strong><\/span><strong data-start=\"665\" data-end=\"674\">10 ml<\/strong><\/span><\/h3>\n<h3 data-section-id=\"13dy3je\" data-start=\"676\" data-end=\"697\"><span style=\"font-size: 16px;\"><span role=\"text\"><strong data-start=\"680\" data-end=\"695\">Doseerimine: <\/strong><\/span><strong data-start=\"698\" data-end=\"714\">10 ml \/ 10 l<\/strong><\/span><\/h3>\n<h3 data-section-id=\"puzbc7\" data-start=\"716\" data-end=\"752\"><span role=\"text\"><strong data-start=\"720\" data-end=\"752\">Kasutusjuhend ja doseerimine<\/strong><\/span><\/h3>\n<ul data-start=\"754\" data-end=\"1204\">\n<li data-section-id=\"ytnimt\" data-start=\"754\" data-end=\"795\">Loksutage essentsi pudelit hoolikalt.<\/li>\n<li data-section-id=\"19ph9ju\" data-start=\"796\" data-end=\"887\">Lisage see ettevalmistatud joogile (viinale, puskarile, piiritusele v\u00f5i destillaadile).<\/li>\n<li data-section-id=\"fxyhkm\" data-start=\"888\" data-end=\"1073\">Soovitatav doseering on <strong data-start=\"914\" data-end=\"956\">0,8\u20131,2 ml 1 liitri valmis joogi kohta<\/strong>. Alustage minimaalsest kogusest (<strong data-start=\"990\" data-end=\"1000\">0,8 ml<\/strong>) ja suurendage seda j\u00e4rk-j\u00e4rgult, et saavutada soovitud maitsetugevus.<\/li>\n<li data-section-id=\"zp3jmx\" data-start=\"1074\" data-end=\"1123\">Loksutage uuesti, et aroom jaotuks \u00fchtlaselt.<\/li>\n<li data-section-id=\"1t1me7\" data-start=\"1124\" data-end=\"1204\">Parima tulemuse saavutamiseks on soovitatav lasta joogil seista <strong data-start=\"1190\" data-end=\"1203\">1\u20133 p\u00e4eva<\/strong>.<\/li>\n<\/ul>\n<p><\/p>","protected":false},"excerpt":{"rendered":"<h3><span style=\"font-size: 16px;\">Kontsentraat \u201cKuuba rummi\u201d <strong class=\"Yjhzub\" data-sfc-root=\"c\" data-sfc-cb=\"\" data-complete=\"true\" data-processed=\"true\" aria-owns=\"action-menu-parent-container\">t\u00f5mmistele. 10 ml 10 l kohta<\/strong><\/span><\/h3>\n","protected":false},"featured_media":16269,"template":"","meta":[],"product_cat":[405,475,477],"product_tag":[],"_links":{"self":[{"href":"https:\/\/tdbeer.ee\/et\/wp-json\/wp\/v2\/product\/16266"}],"collection":[{"href":"https:\/\/tdbeer.ee\/et\/wp-json\/wp\/v2\/product"}],"about":[{"href":"https:\/\/tdbeer.ee\/et\/wp-json\/wp\/v2\/types\/product"}],"wp:featuredmedia":[{"embeddable":true,"href":"https:\/\/tdbeer.ee\/et\/wp-json\/wp\/v2\/media\/16269"}],"wp:attachment":[{"href":"https:\/\/tdbeer.ee\/et\/wp-json\/wp\/v2\/media?parent=16266"}],"wp:term":[{"taxonomy":"product_cat","embeddable":true,"href":"https:\/\/tdbeer.ee\/et\/wp-json\/wp\/v2\/product_cat?post=16266"},{"taxonomy":"product_tag","embeddable":true,"href":"https:\/\/tdbeer.ee\/et\/wp-json\/wp\/v2\/product_tag?post=16266"}],"curies":[{"name":"wp","href":"https:\/\/api.w.org\/{rel}","templated":true}]}}