{"id":16270,"date":"2026-04-07T13:52:28","date_gmt":"2026-04-07T11:52:28","guid":{"rendered":"https:\/\/tdbeer.ee\/ru\/?post_type=product&#038;p=16270"},"modified":"2026-04-07T13:52:29","modified_gmt":"2026-04-07T11:52:29","slug":"kookospahkli-susi-500g","status":"publish","type":"product","link":"https:\/\/tdbeer.ee\/et\/p\/kookospahkli-susi-500g\/","title":{"rendered":"Kookosp\u00e4hkli s\u00fcsi 500g"},"content":{"rendered":"<p>Kookosp\u00e4hkli aktiivs\u00fcsi on \u00fcks parimaid t\u00f5estatud tooteid omatehtud destillaatide puhastamiseks.<\/p>","protected":false},"excerpt":{"rendered":"<h3><span style=\"font-size: 16px;\">Kookosp\u00e4hkli s\u00fcsi 500g<\/span><\/h3>\n","protected":false},"featured_media":16271,"template":"","meta":[],"product_cat":[405,536,535],"product_tag":[],"_links":{"self":[{"href":"https:\/\/tdbeer.ee\/et\/wp-json\/wp\/v2\/product\/16270"}],"collection":[{"href":"https:\/\/tdbeer.ee\/et\/wp-json\/wp\/v2\/product"}],"about":[{"href":"https:\/\/tdbeer.ee\/et\/wp-json\/wp\/v2\/types\/product"}],"wp:featuredmedia":[{"embeddable":true,"href":"https:\/\/tdbeer.ee\/et\/wp-json\/wp\/v2\/media\/16271"}],"wp:attachment":[{"href":"https:\/\/tdbeer.ee\/et\/wp-json\/wp\/v2\/media?parent=16270"}],"wp:term":[{"taxonomy":"product_cat","embeddable":true,"href":"https:\/\/tdbeer.ee\/et\/wp-json\/wp\/v2\/product_cat?post=16270"},{"taxonomy":"product_tag","embeddable":true,"href":"https:\/\/tdbeer.ee\/et\/wp-json\/wp\/v2\/product_tag?post=16270"}],"curies":[{"name":"wp","href":"https:\/\/api.w.org\/{rel}","templated":true}]}}