{"id":16282,"date":"2026-04-14T11:09:04","date_gmt":"2026-04-14T09:09:04","guid":{"rendered":"https:\/\/tdbeer.ee\/ru\/?post_type=product&#038;p=16282"},"modified":"2026-04-14T12:20:24","modified_gmt":"2026-04-14T10:20:24","slug":"aroma-lux-destillaator-28l","status":"publish","type":"product","link":"https:\/\/tdbeer.ee\/et\/p\/aroma-lux-destillaator-28l\/","title":{"rendered":"AROMA LUX Destillaator 28L"},"content":{"rendered":"<p><\/p>\n<p data-start=\"0\" data-end=\"112\"><strong data-start=\"0\" data-end=\"23\">Destilleerimisseade<\/strong> \u2013 t\u00e4ielikult universaalne ning sobib nii algajale tootjale kui ka kogenud koduviskajale.<\/p>\n<p data-start=\"114\" data-end=\"152\"><strong data-start=\"114\" data-end=\"134\">T\u00e4ielik komplekt<\/strong> \u2013 kohe t\u00f6\u00f6valmis.<\/p>\n<p data-start=\"154\" data-end=\"278\"><strong data-start=\"154\" data-end=\"180\">T\u00e4ielikult lahtiv\u00f5etav<\/strong> suure tootlikkusega destillaator. V\u00f5imaldab seadet kokku panna ja kasutada erinevates re\u017eiimides.<\/p>\n<p data-start=\"280\" data-end=\"381\"><strong data-start=\"280\" data-end=\"298\">Klamber\u00fchendus<\/strong> tagab kiire ja mugava kokkupaneku ning lahtiv\u00f5tmise ilma hermeetilisust kaotamata.<\/p>\n<p data-start=\"383\" data-end=\"447\"><strong data-start=\"383\" data-end=\"421\">Destilleerimiskatla seinte paksus:<\/strong> 1 mm; kaane paksus: 1 mm.<\/p>\n<p data-start=\"449\" data-end=\"574\"><strong data-start=\"449\" data-end=\"474\">Ferromagnetiline p\u00f5hi<\/strong> sobib induktsioon-, gaasi- ja elektripliitidele. Olemas on 2&#8243; v\u00e4ljund k\u00fcttekeha (TEN) \u00fchendamiseks.<\/p>\n<p data-start=\"576\" data-end=\"660\"><strong data-start=\"576\" data-end=\"614\">Toidukvaliteediga roostevaba teras<\/strong> \u2013 ei deformeeru kuumuse ega k\u00f5rge r\u00f5hu m\u00f5jul.<\/p>\n<p data-start=\"662\" data-end=\"742\">Toidukvaliteediga teras ei reageeri alkoholiga ega m\u00f5juta l\u00f5pp-produkti omadusi.<\/p>\n<p data-start=\"749\" data-end=\"792\"><strong data-start=\"749\" data-end=\"758\">Maht:<\/strong> 28 liitrit<br data-start=\"769\" data-end=\"772\" \/><strong data-start=\"772\" data-end=\"783\">K\u00f5rgus:<\/strong> 132 cm<\/p>\n<p data-start=\"799\" data-end=\"820\"><strong data-start=\"799\" data-end=\"820\">Komplekti kuulub:<\/strong><\/p>\n<ul data-start=\"822\" data-end=\"1543\" data-is-last-node=\"\" data-is-only-node=\"\">\n<li data-section-id=\"1qeqaaz\" data-start=\"822\" data-end=\"883\">Destilleerimiskatel 28 l roostevabast terasest, 2&#8243; \u2013 1 tk<\/li>\n<li data-section-id=\"pkwuhz\" data-start=\"884\" data-end=\"919\">Nippel termomeetri jaoks \u2013 2 tk<\/li>\n<li data-section-id=\"vualy4\" data-start=\"920\" data-end=\"943\">\u00dcler\u00f5huklapp \u2013 1 tk<\/li>\n<li data-section-id=\"s5b4yz\" data-start=\"944\" data-end=\"969\">Kuulkraan 1\/2&#8243; \u2013 1 tk<\/li>\n<li data-section-id=\"a7c9g2\" data-start=\"970\" data-end=\"1002\">2&#8243; pimekork klambrile \u2013 1 tk<\/li>\n<li data-section-id=\"hdt9he\" data-start=\"1003\" data-end=\"1030\">2&#8243; tsarga 500 mm \u2013 1 tk<\/li>\n<li data-section-id=\"1qhzpl6\" data-start=\"1031\" data-end=\"1080\">Deflegmaator 2&#8243;, 7 toru \u00d812 mm, 200 mm \u2013 1 tk<\/li>\n<li data-section-id=\"9quo9j\" data-start=\"1081\" data-end=\"1113\">Klambriga 90\u00b0 p\u00f5lv 2&#8243; \u2013 1 tk<\/li>\n<li data-section-id=\"12irhww\" data-start=\"1114\" data-end=\"1169\">Klambriga 90\u00b0 p\u00f5lv 2&#8243; termomeetri v\u00e4ljundiga \u2013 1 tk<\/li>\n<li data-section-id=\"yhyb9n\" data-start=\"1171\" data-end=\"1214\">Jahuti 2&#8243;, 7 toru \u00d812 mm, 500 mm \u2013 1 tk<\/li>\n<li data-section-id=\"6uj6ud\" data-start=\"1215\" data-end=\"1246\">2&#8243; klamberkinnitused \u2013 7 tk<\/li>\n<li data-section-id=\"1amwg1h\" data-start=\"1247\" data-end=\"1287\">2&#8243; silikoontihendid klambrile \u2013 7 tk<\/li>\n<li data-section-id=\"1cwk46m\" data-start=\"1288\" data-end=\"1324\">Elektrilised termomeetrid \u2013 2 tk<\/li>\n<li data-section-id=\"1hl74oc\" data-start=\"1325\" data-end=\"1356\">Kiir\u00fchendused \u00d810 mm \u2013 4 tk<\/li>\n<li data-section-id=\"11x2r7u\" data-start=\"1357\" data-end=\"1387\">Kiir\u00fchendus Y 10 mm \u2013 2 tk<\/li>\n<li data-section-id=\"yxcf3o\" data-start=\"1388\" data-end=\"1425\">Pol\u00fcuretaanvoolik 10\u00d76,5 mm \u2013 4 m<\/li>\n<li data-section-id=\"1mljcjp\" data-start=\"1426\" data-end=\"1463\">Kiir\u00fchendusega n\u00f5elventiil \u2013 1 tk<\/li>\n<li data-section-id=\"btesdy\" data-start=\"1464\" data-end=\"1516\">2&#8243; DN50 jahuti otsik atmosf\u00e4\u00e4riv\u00e4ljundiga \u2013 1 tk<\/li>\n<li data-section-id=\"18n7mib\" data-start=\"1517\" data-end=\"1543\" data-is-last-node=\"\">\u00dcleminek kraanile \u2013 1 tk<\/li>\n<\/ul>\n<p><\/p>","protected":false},"excerpt":{"rendered":"<h3><span style=\"font-size: 16px;\">AROMA LUX Destillaator 28L<\/span><\/h3>\n","protected":false},"featured_media":16283,"template":"","meta":[],"product_cat":[405,526,529],"product_tag":[],"_links":{"self":[{"href":"https:\/\/tdbeer.ee\/et\/wp-json\/wp\/v2\/product\/16282"}],"collection":[{"href":"https:\/\/tdbeer.ee\/et\/wp-json\/wp\/v2\/product"}],"about":[{"href":"https:\/\/tdbeer.ee\/et\/wp-json\/wp\/v2\/types\/product"}],"wp:featuredmedia":[{"embeddable":true,"href":"https:\/\/tdbeer.ee\/et\/wp-json\/wp\/v2\/media\/16283"}],"wp:attachment":[{"href":"https:\/\/tdbeer.ee\/et\/wp-json\/wp\/v2\/media?parent=16282"}],"wp:term":[{"taxonomy":"product_cat","embeddable":true,"href":"https:\/\/tdbeer.ee\/et\/wp-json\/wp\/v2\/product_cat?post=16282"},{"taxonomy":"product_tag","embeddable":true,"href":"https:\/\/tdbeer.ee\/et\/wp-json\/wp\/v2\/product_tag?post=16282"}],"curies":[{"name":"wp","href":"https:\/\/api.w.org\/{rel}","templated":true}]}}