{"id":16288,"date":"2026-04-14T11:42:18","date_gmt":"2026-04-14T09:42:18","guid":{"rendered":"https:\/\/tdbeer.ee\/ru\/?post_type=product&#038;p=16288"},"modified":"2026-04-14T12:20:02","modified_gmt":"2026-04-14T10:20:02","slug":"aroma-destilleerimisseade-28-l-klaaskolonniga","status":"publish","type":"product","link":"https:\/\/tdbeer.ee\/et\/p\/aroma-destilleerimisseade-28-l-klaaskolonniga\/","title":{"rendered":"AROMA destilleerimisseade 28 l klaaskolonniga"},"content":{"rendered":"<p><\/p>\n<p data-start=\"23\" data-end=\"136\"><strong data-start=\"23\" data-end=\"136\">AROMA 28-liitrine destilleerimisseade 2-tollise klaasist taldrik-kolonniga, roostevabast terasest kolpakatega<\/strong><\/p>\n<p data-start=\"23\" data-end=\"136\"><span style=\"color: #ff0000;\"><strong>NB! Kergesti purunev kaup!<\/strong><\/span><\/p>\n<p data-start=\"138\" data-end=\"180\"><strong data-start=\"138\" data-end=\"158\">T\u00e4ielik komplekt<\/strong> \u2013 kohe kasutusvalmis.<\/p>\n<p data-start=\"182\" data-end=\"275\"><strong data-start=\"182\" data-end=\"205\">Destilleerimisseade<\/strong> on universaalne ning sobib nii algajale kui ka kogenud koduviskajale.<\/p>\n<p data-start=\"277\" data-end=\"327\"><strong data-start=\"277\" data-end=\"301\">Katla seinte paksus:<\/strong> 1 mm; kaane paksus: 1 mm.<\/p>\n<p data-start=\"329\" data-end=\"444\"><strong data-start=\"329\" data-end=\"354\">Ferromagnetiline p\u00f5hi<\/strong> sobib induktsioon-, gaasi- ja elektripliitidele. Olemas 2&#8243; \u00fchendus k\u00fcttekeha (TEN) jaoks.<\/p>\n<p data-start=\"446\" data-end=\"568\"><strong data-start=\"446\" data-end=\"487\">T\u00e4ielikult lahtiv\u00f5etav konstruktsioon<\/strong> tagab suure tootlikkuse ning v\u00f5imaldab kasutada seadet erinevates t\u00f6\u00f6re\u017eiimides.<\/p>\n<p data-start=\"570\" data-end=\"665\"><strong data-start=\"570\" data-end=\"590\">Klamber\u00fchendused<\/strong> v\u00f5imaldavad kiiret ja mugavat kokkupanekut ning lahtiv\u00f5tmist ilma lekketa.<\/p>\n<p data-start=\"667\" data-end=\"749\"><strong data-start=\"667\" data-end=\"705\">Toidukvaliteediga roostevaba teras<\/strong> ei deformeeru kuumuse ega k\u00f5rge r\u00f5hu m\u00f5jul.<\/p>\n<p data-start=\"751\" data-end=\"816\">Materjal ei reageeri alkoholiga ega m\u00f5juta l\u00f5pp-produkti omadusi.<\/p>\n<p data-start=\"823\" data-end=\"866\"><strong data-start=\"823\" data-end=\"832\">Maht:<\/strong> 28 liitrit<br data-start=\"843\" data-end=\"846\" \/><strong data-start=\"846\" data-end=\"857\">K\u00f5rgus:<\/strong> 133 cm<\/p>\n<h3 data-section-id=\"hc0ai2\" data-start=\"873\" data-end=\"894\">Komplekti kuulub:<\/h3>\n<ul data-start=\"896\" data-end=\"1675\">\n<li data-section-id=\"180reee\" data-start=\"896\" data-end=\"958\">Destilleerimiskatel 28 l roostevabast terasest (2&#8243;) \u2013 1 tk<\/li>\n<li data-section-id=\"1jda5qz\" data-start=\"959\" data-end=\"988\">Termomeetri nippel \u2013 2 tk<\/li>\n<li data-section-id=\"vualy4\" data-start=\"989\" data-end=\"1012\">\u00dcler\u00f5huklapp \u2013 1 tk<\/li>\n<li data-section-id=\"1fsx48s\" data-start=\"1013\" data-end=\"1037\">Kraaniadapter \u2013 1 tk<\/li>\n<li data-section-id=\"s5b4yz\" data-start=\"1038\" data-end=\"1063\">Kuulkraan 1\/2&#8243; \u2013 1 tk<\/li>\n<li data-section-id=\"okyiwb\" data-start=\"1064\" data-end=\"1103\">2&#8243; pimekork (klamber\u00fchendus) \u2013 1 tk<\/li>\n<li data-section-id=\"1h4obzp\" data-start=\"1104\" data-end=\"1126\">2&#8243; klambrid \u2013 7 tk<\/li>\n<li data-section-id=\"qzkfi\" data-start=\"1127\" data-end=\"1157\">2&#8243; silikoontihendid \u2013 7 tk<\/li>\n<li data-section-id=\"jxiizy\" data-start=\"1158\" data-end=\"1224\">Klaasist taldrik-kolonn 2&#8243;, 5 korrust, roostevaba teras \u2013 1 tk<\/li>\n<li data-section-id=\"1anpfb5\" data-start=\"1226\" data-end=\"1265\">90\u00b0 p\u00f5lv (klamber\u00fchendus) 2&#8243; \u2013 1 tk<\/li>\n<li data-section-id=\"14e8v7o\" data-start=\"1266\" data-end=\"1311\">90\u00b0 p\u00f5lv 2&#8243; termomeetri v\u00e4ljundiga \u2013 1 tk<\/li>\n<li data-section-id=\"yxcf3o\" data-start=\"1312\" data-end=\"1349\">Pol\u00fcuretaanvoolik 10\u00d76,5 mm \u2013 4 m<\/li>\n<li data-section-id=\"1hueg9\" data-start=\"1350\" data-end=\"1382\">Silikoonvoolik 8\u00d712 mm \u2013 1 m<\/li>\n<li data-section-id=\"7fr9z4\" data-start=\"1383\" data-end=\"1422\">Elektroonilised termomeetrid \u2013 2 tk<\/li>\n<li data-section-id=\"1hl74oc\" data-start=\"1423\" data-end=\"1454\">Kiir\u00fchendused \u00d810 mm \u2013 4 tk<\/li>\n<li data-section-id=\"we4zmv\" data-start=\"1455\" data-end=\"1485\">Y-kiir\u00fchendus 10 mm \u2013 2 tk<\/li>\n<li data-section-id=\"15fwjok\" data-start=\"1486\" data-end=\"1525\">N\u00f5elventiil (kiir\u00fchendusega) \u2013 1 tk<\/li>\n<li data-section-id=\"1qhzpl6\" data-start=\"1526\" data-end=\"1575\">Deflegmaator 2&#8243;, 7 toru \u00d812 mm, 200 mm \u2013 1 tk<\/li>\n<li data-section-id=\"yhyb9n\" data-start=\"1576\" data-end=\"1619\">Jahuti 2&#8243;, 7 toru \u00d812 mm, 500 mm \u2013 1 tk<\/li>\n<li data-section-id=\"13lllpj\" data-start=\"1620\" data-end=\"1675\">2&#8243; DN50 v\u00e4ljavooluotsik atmosf\u00e4\u00e4riv\u00e4ljundiga \u2013 1 tk<\/li>\n<\/ul>\n<p><\/p>","protected":false},"excerpt":{"rendered":"<h3><span style=\"font-size: 16px;\">AROMA destilleerimisseade 28 l klaaskolonniga<\/span><\/h3>\n","protected":false},"featured_media":16289,"template":"","meta":[],"product_cat":[405,526,529],"product_tag":[],"_links":{"self":[{"href":"https:\/\/tdbeer.ee\/et\/wp-json\/wp\/v2\/product\/16288"}],"collection":[{"href":"https:\/\/tdbeer.ee\/et\/wp-json\/wp\/v2\/product"}],"about":[{"href":"https:\/\/tdbeer.ee\/et\/wp-json\/wp\/v2\/types\/product"}],"wp:featuredmedia":[{"embeddable":true,"href":"https:\/\/tdbeer.ee\/et\/wp-json\/wp\/v2\/media\/16289"}],"wp:attachment":[{"href":"https:\/\/tdbeer.ee\/et\/wp-json\/wp\/v2\/media?parent=16288"}],"wp:term":[{"taxonomy":"product_cat","embeddable":true,"href":"https:\/\/tdbeer.ee\/et\/wp-json\/wp\/v2\/product_cat?post=16288"},{"taxonomy":"product_tag","embeddable":true,"href":"https:\/\/tdbeer.ee\/et\/wp-json\/wp\/v2\/product_tag?post=16288"}],"curies":[{"name":"wp","href":"https:\/\/api.w.org\/{rel}","templated":true}]}}