{"id":16300,"date":"2026-04-21T11:46:27","date_gmt":"2026-04-21T09:46:27","guid":{"rendered":"https:\/\/tdbeer.ee\/ru\/?post_type=product&#038;p=16300"},"modified":"2026-04-21T11:46:28","modified_gmt":"2026-04-21T09:46:28","slug":"vaakumsusteem-vaks-82b","status":"publish","type":"product","link":"https:\/\/tdbeer.ee\/et\/p\/vaakumsusteem-vaks-82b\/","title":{"rendered":"Vaakums\u00fcsteem VAKS-82B"},"content":{"rendered":"<p><\/p>\n<p data-start=\"34\" data-end=\"378\"><span style=\"font-size: 14px;\"><strong data-start=\"34\" data-end=\"60\">Vaakums\u00fcsteem VAKS-82B<\/strong> on s\u00fcsteem toiduainete ja jookide s\u00e4ilitamiseks ning konserveerimiseks vaakumis. See aitab hoida eri liiki tooted v\u00e4rskena m\u00e4rksa kauem kui tavalise s\u00e4ilitamisviisi korral. See toimub seet\u00f5ttu, et \u00f5hu eemaldamisel v\u00e4heneb anumas j\u00e4rsult hapniku hulk, mis omakorda aeglustab oks\u00fcdatsiooniprotsesse ehk toidu riknemist.<\/span><\/p>\n<p data-start=\"380\" data-end=\"395\"><span style=\"font-size: 14px;\"><strong data-start=\"380\" data-end=\"395\">Komplektis:<\/strong><\/span><\/p>\n<ul data-start=\"396\" data-end=\"514\">\n<li data-section-id=\"1eu3qmk\" data-start=\"396\" data-end=\"483\"><span style=\"font-size: 14px;\">9 vaakumkaant kolmes v\u00e4rvitoonis (<strong data-start=\"432\" data-end=\"461\">punane, roheline, kollane<\/strong> \u2013 igat v\u00e4rvi 3 kaant)<\/span><\/li>\n<li data-section-id=\"1cx9nzo\" data-start=\"484\" data-end=\"514\"><span style=\"font-size: 14px;\">k\u00e4sitsi kasutatav vaakumpump<\/span><\/li>\n<\/ul>\n<p data-start=\"516\" data-end=\"792\"><span style=\"font-size: 14px;\">Sellised tooted nagu kuivatatud seened ja puuviljad s\u00e4ilivad vaakumis kaua \u2013 need ei tumene ning s\u00e4ilitavad oma maitse ja aroomi. \u0160a\u0161l\u00f5ki jaoks m\u00f5eldud liha j\u00e4\u00e4b mahlane ja pehme, kui seda marineerida vaakumis. Kuivatatud soolakala ei kuiva \u00fcle ega muutu \u201eroostes\u201c v\u00e4limusega.<\/span><\/p>\n<table>\n<thead>\n<tr>\n<th><span style=\"font-size: 14px;\">Tooteliigid<\/span><\/th>\n<th align=\"right\"><span style=\"font-size: 14px;\">S\u00e4ilitusaeg ilma VAKS-s\u00fcsteemita<\/span><\/th>\n<th align=\"right\"><span style=\"font-size: 14px;\">S\u00e4ilitusaeg VAKS-vaakums\u00fcsteemis<\/span><\/th>\n<\/tr>\n<\/thead>\n<tbody>\n<tr>\n<td><span style=\"font-size: 14px;\">*V\u00e4rskelt valmistatud supid ja praed<\/span><\/td>\n<td align=\"right\"><span style=\"font-size: 14px;\">2\u20133 p\u00e4eva<\/span><\/td>\n<td align=\"right\"><span style=\"font-size: 14px;\">kuni 10 p\u00e4eva<\/span><\/td>\n<\/tr>\n<tr>\n<td><span style=\"font-size: 14px;\">*V\u00e4rskelt pressitud mahlad<\/span><\/td>\n<td align=\"right\"><span style=\"font-size: 14px;\">2\u20133 p\u00e4eva<\/span><\/td>\n<td align=\"right\"><span style=\"font-size: 14px;\">kuni 10 p\u00e4eva<\/span><\/td>\n<\/tr>\n<tr>\n<td><span style=\"font-size: 14px;\">*Piim, hapukoor, kohupiim<\/span><\/td>\n<td align=\"right\"><span style=\"font-size: 14px;\">3\u20134 p\u00e4eva<\/span><\/td>\n<td align=\"right\"><span style=\"font-size: 14px;\">kuni 12 p\u00e4eva<\/span><\/td>\n<\/tr>\n<tr>\n<td><span style=\"font-size: 14px;\">*Salatid<\/span><\/td>\n<td align=\"right\"><span style=\"font-size: 14px;\">2 p\u00e4eva<\/span><\/td>\n<td align=\"right\"><span style=\"font-size: 14px;\">kuni 10 p\u00e4eva<\/span><\/td>\n<\/tr>\n<tr>\n<td><span style=\"font-size: 14px;\">*Juust<\/span><\/td>\n<td align=\"right\"><span style=\"font-size: 14px;\">8 p\u00e4eva<\/span><\/td>\n<td align=\"right\"><span style=\"font-size: 14px;\">kuni 30 p\u00e4eva<\/span><\/td>\n<\/tr>\n<tr>\n<td><span style=\"font-size: 14px;\">*Toores liha<\/span><\/td>\n<td align=\"right\"><span style=\"font-size: 14px;\">3 p\u00e4eva<\/span><\/td>\n<td align=\"right\"><span style=\"font-size: 14px;\">kuni 9 p\u00e4eva<\/span><\/td>\n<\/tr>\n<tr>\n<td><span style=\"font-size: 14px;\">Vorst<\/span><\/td>\n<td align=\"right\"><span style=\"font-size: 14px;\">4 p\u00e4eva<\/span><\/td>\n<td align=\"right\"><span style=\"font-size: 14px;\">kuni 20 p\u00e4eva<\/span><\/td>\n<\/tr>\n<tr>\n<td><span style=\"font-size: 14px;\">Roheline maitseroheline<\/span><\/td>\n<td align=\"right\"><span style=\"font-size: 14px;\">4 p\u00e4eva<\/span><\/td>\n<td align=\"right\"><span style=\"font-size: 14px;\">kuni 7 p\u00e4eva<\/span><\/td>\n<\/tr>\n<tr>\n<td><span style=\"font-size: 14px;\">Makaronitooted<\/span><\/td>\n<td align=\"right\"><span style=\"font-size: 14px;\">180 p\u00e4eva<\/span><\/td>\n<td align=\"right\"><span style=\"font-size: 14px;\">kuni 360 p\u00e4eva<\/span><\/td>\n<\/tr>\n<\/tbody>\n<\/table>\n<p><span style=\"font-size: 14px;\">* Need s\u00e4ilitusajad on arvestatud tingimusel, et tooteid hoitakse k\u00fclmkapis temperatuuril <strong data-start=\"1465\" data-end=\"1479\">+3&#8230;+5 \u00b0C<\/strong>. Tabelis esitatud andmed on ligikaudsed. S\u00e4ilitusaeg s\u00f5ltub toodete esialgsest v\u00e4rskusest, valmistusviisist ja sellest, kui \u00f5igesti on vaakum loodud. Samuti tuleb arvestada, et purkide avamine l\u00fchendab toodete s\u00e4ilitusaega.<\/span><\/p>\n<h2 data-section-id=\"1p25bea\" data-start=\"1705\" data-end=\"1715\"><span style=\"font-size: 14px;\">T\u00e4htis!<br \/>\n<\/span><span style=\"font-size: 14px;\"><strong>Vaakumis hoidmine ei asenda toiduainete jahutamist ega k\u00fclmutamist.<\/strong><\/span><br data-start=\"1784\" data-end=\"1787\" \/><span style=\"font-size: 14px;\"><strong>T\u00f6\u00f6stuslikult vaakumpakendatud tooted tuleb kasutada enne originaalpakendil m\u00e4rgitud kuup\u00e4eva.<\/strong><\/span><br data-start=\"1881\" data-end=\"1884\" \/><span style=\"font-size: 14px;\"><strong>Palun eemaldage purgilt KVK kaas enne selle kasutamist mikrolaineahjus.<\/strong><\/span><\/h2>\n<p><\/p>","protected":false},"excerpt":{"rendered":"<h3><span style=\"font-size: 16px;\">Vaakums\u00fcsteem VAKS-82B<\/span><\/h3>\n","protected":false},"featured_media":16301,"template":"","meta":[],"product_cat":[495],"product_tag":[],"_links":{"self":[{"href":"https:\/\/tdbeer.ee\/et\/wp-json\/wp\/v2\/product\/16300"}],"collection":[{"href":"https:\/\/tdbeer.ee\/et\/wp-json\/wp\/v2\/product"}],"about":[{"href":"https:\/\/tdbeer.ee\/et\/wp-json\/wp\/v2\/types\/product"}],"wp:featuredmedia":[{"embeddable":true,"href":"https:\/\/tdbeer.ee\/et\/wp-json\/wp\/v2\/media\/16301"}],"wp:attachment":[{"href":"https:\/\/tdbeer.ee\/et\/wp-json\/wp\/v2\/media?parent=16300"}],"wp:term":[{"taxonomy":"product_cat","embeddable":true,"href":"https:\/\/tdbeer.ee\/et\/wp-json\/wp\/v2\/product_cat?post=16300"},{"taxonomy":"product_tag","embeddable":true,"href":"https:\/\/tdbeer.ee\/et\/wp-json\/wp\/v2\/product_tag?post=16300"}],"curies":[{"name":"wp","href":"https:\/\/api.w.org\/{rel}","templated":true}]}}