{"id":13939,"date":"2023-09-29T18:41:31","date_gmt":"2023-09-29T18:41:31","guid":{"rendered":""},"modified":"2025-08-14T11:46:34","modified_gmt":"2025-08-14T09:46:34","slug":"ruutli-ruube","status":"publish","type":"product","link":"https:\/\/tdbeer.ee\/ru\/p\/ruutli-ruube-rycarskiy-napitok\/","title":{"rendered":"\u041c\u0430\u043b\u044c\u0442\u043e\u0437\u0430 R\u00fc\u00fctli R\u00fc\u00fcbe"},"content":{"rendered":"<p><span style=\"font-size: 14px;\">\u0420\u044b\u0446\u0430\u0440\u0441\u043a\u0438\u0439 \u0441\u043e\u043b\u043e\u0434\u043e\u0432\u044b\u0439 \u044d\u043a\u0441\u0442\u0440\u0430\u043a\u0442 \u0434\u0430\u0451\u0442 \u043f\u0438\u0432\u043e \u043c\u0435\u0434\u043d\u043e\u0433\u043e, \u043c\u044f\u0433\u043a\u043e\u0433\u043e \u0438 \u0441\u043b\u0435\u0433\u043a\u0430 \u0445\u043c\u0435\u043b\u044c\u043d\u043e\u0433\u043e \u0432\u043a\u0443\u0441\u0430, \u043d\u0430\u043f\u043e\u043c\u0438\u043d\u0430\u044e\u0449\u0435\u0435 \u044d\u043b\u044c, \u0441\u043e \u0441\u043b\u0438\u0432\u043e\u0432\u044b\u043c \u043f\u043e\u0441\u043b\u0435\u0432\u043a\u0443\u0441\u0438\u0435\u043c.<\/span><\/p>\n<p><span style=\"font-size: 14px;\">\u0412 \u043d\u0430\u0431\u043e\u0440 \u0432\u0445\u043e\u0434\u044f\u0442:<\/span><br \/>\n<span style=\"font-size: 14px;\">-\u0421\u043e\u043b\u043e\u0434\u043e\u0432\u044b\u0439 \u044d\u043a\u0441\u0442\u0440\u0430\u043a\u0442 \u0441 \u0445\u043c\u0435\u043b\u0435\u043c 2,4 \u043a\u0433<\/span><br \/>\n<span style=\"font-size: 14px;\">\u041f\u0438\u0432\u043d\u044b\u0435 \u0434\u0440\u043e\u0436\u0436\u0438<\/span><br \/>\n<span style=\"font-size: 14px;\">\u0418\u043d\u0441\u0442\u0440\u0443\u043a\u0446\u0438\u044f \u043f\u043e \u043f\u0440\u0438\u0433\u043e\u0442\u043e\u0432\u043b\u0435\u043d\u0438\u044e<\/span><\/p>\n<p><span style=\"font-size: 14px;\">\u0420\u0430\u0441\u0441\u0447\u0438\u0442\u0430\u043d\u043e \u043d\u0430 \u0432\u0430\u0440\u043a\u0443 20 \u043b\u0438\u0442\u0440\u043e\u0432 \u0434\u043e\u043c\u0430\u0448\u043d\u0435\u0433\u043e \u043f\u0438\u0432\u0430. \u0414\u043e\u0431\u0430\u0432\u043b\u0435\u043d\u0438\u0435 800 \u0433 \u0441\u0430\u0445\u0430\u0440\u0430 \u0443\u0432\u0435\u043b\u0438\u0447\u0438\u0442 \u043a\u0440\u0435\u043f\u043e\u0441\u0442\u044c \u043f\u0440\u0438\u043c\u0435\u0440\u043d\u043e \u043d\u0430 5% \u043e\u0442 \u043e\u0431\u044a\u0451\u043c\u0430.<\/span><\/p>","protected":false},"excerpt":{"rendered":"<h3><span style=\"font-size: 16px;\">\u041c\u0430\u043b\u044c\u0442\u043e\u0437\u0430 R\u00fc\u00fctli R\u00fc\u00fcbe<\/span><\/h3>\n<h3><\/h3>\n","protected":false},"featured_media":13940,"template":"","meta":[],"product_cat":[370,371,408],"product_tag":[],"_links":{"self":[{"href":"https:\/\/tdbeer.ee\/ru\/wp-json\/wp\/v2\/product\/13939"}],"collection":[{"href":"https:\/\/tdbeer.ee\/ru\/wp-json\/wp\/v2\/product"}],"about":[{"href":"https:\/\/tdbeer.ee\/ru\/wp-json\/wp\/v2\/types\/product"}],"wp:featuredmedia":[{"embeddable":true,"href":"https:\/\/tdbeer.ee\/ru\/wp-json\/wp\/v2\/media\/13940"}],"wp:attachment":[{"href":"https:\/\/tdbeer.ee\/ru\/wp-json\/wp\/v2\/media?parent=13939"}],"wp:term":[{"taxonomy":"product_cat","embeddable":true,"href":"https:\/\/tdbeer.ee\/ru\/wp-json\/wp\/v2\/product_cat?post=13939"},{"taxonomy":"product_tag","embeddable":true,"href":"https:\/\/tdbeer.ee\/ru\/wp-json\/wp\/v2\/product_tag?post=13939"}],"curies":[{"name":"wp","href":"https:\/\/api.w.org\/{rel}","templated":true}]}}