{"id":14291,"date":"2023-09-29T18:42:03","date_gmt":"2023-09-29T18:42:03","guid":{"rendered":""},"modified":"2025-08-22T14:28:23","modified_gmt":"2025-08-22T12:28:23","slug":"granucol-ge-50g","status":"publish","type":"product","link":"https:\/\/tdbeer.ee\/ru\/p\/granucol-ge-50g\/","title":{"rendered":"Granucol Ge (50\u0433)"},"content":{"rendered":"<p><span id=\"result_box\" lang=\"ru\" style=\"font-size: 14px;\" xml:lang=\"ru\"><span title=\"GRANUCOL to bardzo skuteczny \u015brodek adsorbuj\u0105cy do harmonizacji smaku i zapachu napoj\u00f3w.\">GRANUCOL &#8211; \u043e\u0447\u0435\u043d\u044c \u044d\u0444\u0444\u0435\u043a\u0442\u0438\u0432\u043d\u044b\u0439 \u0430\u0434\u0441\u043e\u0440\u0431\u0435\u043d\u0442 \u0434\u043b\u044f \u0433\u0430\u0440\u043c\u043e\u043d\u0438\u0437\u0430\u0446\u0438\u0438 \u0432\u043a\u0443\u0441\u0430 \u0438 \u0430\u0440\u043e\u043c\u0430\u0442\u0430 \u043d\u0430\u043f\u0438\u0442\u043a\u043e\u0432. <\/span><span title=\"Produkt jest zgranulowany i \u0142atwo tworzy zawiesin\u0119, dzi\u0119ki czemu jego stosowanie jest \u0142atwe i wygodne.\">\u041f\u0440\u043e\u0434\u0443\u043a\u0442 \u0433\u0440\u0430\u043d\u0443\u043b\u0438\u0440\u043e\u0432\u0430\u043d \u0438 \u043b\u0435\u0433\u043a\u043e \u043e\u0431\u0440\u0430\u0437\u0443\u0435\u0442 \u0441\u0443\u0441\u043f\u0435\u043d\u0437\u0438\u044e, \u0447\u0442\u043e \u0434\u0435\u043b\u0430\u0435\u0442 \u0435\u0435 \u0438\u0441\u043f\u043e\u043b\u044c\u0437\u043e\u0432\u0430\u043d\u0438\u0435 \u043f\u0440\u043e\u0441\u0442\u044b\u043c \u0438 \u0443\u0434\u043e\u0431\u043d\u044b\u043c. <\/span><span title=\"GRANUCOL to bardzo po\u017c\u0105dany ekologiczny produkt do harmonizacji napoj\u00f3w.\">GRANUCOL &#8211; \u043e\u0447\u0435\u043d\u044c \u0436\u0435\u043b\u0430\u0442\u0435\u043b\u044c\u043d\u044b\u0439 \u044d\u043a\u043e\u043b\u043e\u0433\u0438\u0447\u0435\u0441\u043a\u0438\u0439 \u043f\u0440\u043e\u0434\u0443\u043a\u0442 \u0434\u043b\u044f \u0433\u0430\u0440\u043c\u043e\u043d\u0438\u0437\u0430\u0446\u0438\u0438 \u043d\u0430\u043f\u0438\u0442\u043a\u043e\u0432.<\/span><\/span><\/p>","protected":false},"excerpt":{"rendered":"<h3><span lang=\"ru\" style=\"font-size: 16px;\" xml:lang=\"ru\"><span title=\"GRANUCOL to bardzo skuteczny \u015brodek adsorbuj\u0105cy do harmonizacji smaku i zapachu napoj\u00f3w.\">Granucol Ge (50\u0433)<br \/>\n<\/span><\/span><\/h3>\n<p>&nbsp;<\/p>\n","protected":false},"featured_media":14292,"template":"","meta":[],"product_cat":[405,536,535],"product_tag":[],"_links":{"self":[{"href":"https:\/\/tdbeer.ee\/ru\/wp-json\/wp\/v2\/product\/14291"}],"collection":[{"href":"https:\/\/tdbeer.ee\/ru\/wp-json\/wp\/v2\/product"}],"about":[{"href":"https:\/\/tdbeer.ee\/ru\/wp-json\/wp\/v2\/types\/product"}],"wp:featuredmedia":[{"embeddable":true,"href":"https:\/\/tdbeer.ee\/ru\/wp-json\/wp\/v2\/media\/14292"}],"wp:attachment":[{"href":"https:\/\/tdbeer.ee\/ru\/wp-json\/wp\/v2\/media?parent=14291"}],"wp:term":[{"taxonomy":"product_cat","embeddable":true,"href":"https:\/\/tdbeer.ee\/ru\/wp-json\/wp\/v2\/product_cat?post=14291"},{"taxonomy":"product_tag","embeddable":true,"href":"https:\/\/tdbeer.ee\/ru\/wp-json\/wp\/v2\/product_tag?post=14291"}],"curies":[{"name":"wp","href":"https:\/\/api.w.org\/{rel}","templated":true}]}}